{"id":815,"date":"2017-04-04T08:18:22","date_gmt":"2017-04-04T08:18:22","guid":{"rendered":"http:\/\/www.wba-direkt.de\/?page_id=815"},"modified":"2025-04-29T13:28:52","modified_gmt":"2025-04-29T13:28:52","slug":"beratung","status":"publish","type":"page","link":"https:\/\/www.wba-direkt.de\/?page_id=815","title":{"rendered":"Beratung"},"content":{"rendered":"\n<style type=\"text\/css\" data-created_by=\"avia_inline_auto\" id=\"style-css-av-2in5mf-50f5629fca72c1679c55812a83f4bfb8\">\n#top .av-special-heading.av-2in5mf-50f5629fca72c1679c55812a83f4bfb8{\npadding-bottom:10px;\n}\nbody .av-special-heading.av-2in5mf-50f5629fca72c1679c55812a83f4bfb8 .av-special-heading-tag .heading-char{\nfont-size:25px;\n}\n.av-special-heading.av-2in5mf-50f5629fca72c1679c55812a83f4bfb8 .av-subheading{\nfont-size:15px;\n}\n<\/style>\n<div  class='av-special-heading av-2in5mf-50f5629fca72c1679c55812a83f4bfb8 av-special-heading-h3  avia-builder-el-0  el_before_av_four_fifth  avia-builder-el-first '><h3 class='av-special-heading-tag'  itemprop=\"headline\"  >Wirtschaftsdienst f\u00fcr Beamte <span class='special_amp'>&amp;<\/span> Akademiker GmbH<\/h3><div class=\"special-heading-border\"><div class=\"special-heading-inner-border\"><\/div><\/div><\/div>\n\n<style type=\"text\/css\" data-created_by=\"avia_inline_auto\" id=\"style-css-av-2f564n-5da972f9ce8b172b9ffdafc3b12ba004\">\n.flex_column.av-2f564n-5da972f9ce8b172b9ffdafc3b12ba004{\n-webkit-border-radius:0px 0px 0px 0px;\n-moz-border-radius:0px 0px 0px 0px;\nborder-radius:0px 0px 0px 0px;\npadding:0px 0px 0px 0px;\n}\n<\/style>\n<div class='flex_column av-2f564n-5da972f9ce8b172b9ffdafc3b12ba004 av_four_fifth  avia-builder-el-1  el_after_av_heading  el_before_av_one_fifth  first flex_column_div av-zero-column-padding '     ><section  class='av_textblock_section av-269ds7-d2531887ebbd656794088daf99e54e57'  itemscope=\"itemscope\" itemtype=\"https:\/\/schema.org\/CreativeWork\" ><div class='avia_textblock'  itemprop=\"text\" ><p>Karl-Matti-Str. 17<br \/>\n63773 Goldbach<br \/>\nTelefon: + 49 (0) 60 21 \/ 54 00 88<br \/>\nTelefax: + 49 (0) 60 21 \/ 54 00 89<br \/>\nE-mail: <a href=\"mailto:info@wba-direkt.de\">info@wba-direkt.de<\/a><\/p>\n<\/div><\/section><\/div>\n\n<style type=\"text\/css\" data-created_by=\"avia_inline_auto\" id=\"style-css-av-258n93-cf4451b8a738d2896f043edf23a44fb8\">\n.flex_column.av-258n93-cf4451b8a738d2896f043edf23a44fb8{\n-webkit-border-radius:0px 0px 0px 0px;\n-moz-border-radius:0px 0px 0px 0px;\nborder-radius:0px 0px 0px 0px;\npadding:0px 0px 0px 0px;\n}\n<\/style>\n<div class='flex_column av-258n93-cf4451b8a738d2896f043edf23a44fb8 av_one_fifth  avia-builder-el-3  el_after_av_four_fifth  el_before_av_contact  flex_column_div av-zero-column-padding '     ><section  class='av_textblock_section av-1vx307-97ef2fa3862d173cb0f054f09a9ad262'  itemscope=\"itemscope\" itemtype=\"https:\/\/schema.org\/CreativeWork\" ><div class='avia_textblock'  itemprop=\"text\" ><p style=\"text-align: right;\"><a class=\"custom_button\" href=\"#\" onClick='window.history.back();'>zur\u00fcck<\/a><\/p>\n<p><!-- onClick='window.history.back();' --><\/p>\n<\/div><\/section><\/div>\n<form action=\"https:\/\/www.wba-direkt.de\/?page_id=815\" method=\"post\"  class=\"avia_ajax_form av-form-labels-visible   avia-builder-el-5  el_after_av_one_fifth  avia-builder-el-last   \" data-avia-form-id=\"1\" data-avia-redirect='' ><h3 class=''>Beratung vereinbaren<\/h3><fieldset><p class='  first_form  form_element form_element_third' id='element_avia_1_1'><label for=\"avia_1_1\">Anrede <abbr class=\"required\" title=\"ben\u00f6tigt\">*<\/abbr><\/label><select  name=\"avia_1_1\" class=\"select is_empty\" id=\"avia_1_1\"><option   value='Frau'>Frau<\/option><option   value='Herr'>Herr<\/option><\/select><\/p><p class='  form_element form_element_third' id='element_avia_2_1'><label for=\"avia_2_1\">Vorname <abbr class=\"required\" title=\"ben\u00f6tigt\">*<\/abbr><\/label> <input name=\"avia_2_1\" class=\"text_input is_empty\" type=\"text\" id=\"avia_2_1\" value=\"\" \/><\/p><p class='  form_element form_element_third' id='element_avia_3_1'><label for=\"avia_3_1\">Name <abbr class=\"required\" title=\"ben\u00f6tigt\">*<\/abbr><\/label> <input name=\"avia_3_1\" class=\"text_input is_empty\" type=\"text\" id=\"avia_3_1\" value=\"\" \/><\/p><p class='  first_form  form_element form_fullwidth' id='element_avia_4_1'><label for=\"avia_4_1\">Telefonnummer <abbr class=\"required\" title=\"ben\u00f6tigt\">*<\/abbr><\/label> <input name=\"avia_4_1\" class=\"text_input is_empty\" type=\"text\" id=\"avia_4_1\" value=\"\" \/><\/p><p class='  first_form  form_element form_fullwidth' id='element_avia_5_1'><label for=\"avia_5_1\">E-Mail <abbr class=\"required\" title=\"ben\u00f6tigt\">*<\/abbr><\/label> <input name=\"avia_5_1\" class=\"text_input is_email\" type=\"text\" id=\"avia_5_1\" value=\"\" \/><\/p><p class='  first_form  form_element form_fullwidth' id='element_avia_6_1'><label for=\"avia_6_1\">Betreff<\/label> <input name=\"avia_6_1\" class=\"text_input \" type=\"text\" id=\"avia_6_1\" value=\"\" \/><\/p><p class='  first_form  form_element form_fullwidth' id='element_avia_7_1'><label for=\"avia_7_1\" class=\"textare_label hidden textare_label_avia_7_1\">Nachricht <abbr class=\"required\" title=\"ben\u00f6tigt\">*<\/abbr><\/label><textarea  name=\"avia_7_1\" class=\"text_area is_empty\" cols=\"40\" rows=\"7\" id=\"avia_7_1\" ><\/textarea><\/p><p class='  first_form  form_element form_element_fourth' id='element_avia_8_1'><label for=\"avia_8_1\">Sind Sie bereits WBA-Kunde? <abbr class=\"required\" title=\"ben\u00f6tigt\">*<\/abbr><\/label><select  name=\"avia_8_1\" class=\"select is_empty\" id=\"avia_8_1\"><option   value='Ja'>Ja<\/option><option   value='Nein'>Nein<\/option><\/select><\/p><p class='  first_form  form_element form_fullwidth' id='element_avia_9_1'><input  name=\"avia_9_1\" class=\"input_checkbox is_empty\" type=\"checkbox\" id=\"avia_9_1\" value=\"true\"\/><label class=\"input_checkbox_label\" for=\"avia_9_1\">Einwilligung zur Datenverarbeitung <\/p>\n<p> Ich bin damit einverstanden, dass meine mitgeteilten Daten von der W.B.A. GmbH & Co. KG, Karl-Matti-Str. 17, 63773 Goldbach, gespeichert und zur Bearbeitung meiner Anfrage und Kontaktaufnahme telefonisch oder per E-Mail durch einen W.B.A.-Berater genutzt werden. Eine Weitergabe meiner Daten an sonstige Dritte erfolgt nicht. Meine Einverst\u00e4ndniserkl\u00e4rung kann ich jederzeit bei W.B.A. kostenfrei und ohne jeden Nachteil mit Wirkung f\u00fcr die Zukunft widerrufen. Mit der Best\u00e4tigung dieser Einwilligungserkl\u00e4rung erkl\u00e4re ich ausdr\u00fccklich meine Einwilligung zur Nutzung der Daten zum obigen Zweck. Ich habe die <a href=\"?page_id=224\" target=\"_blank\" rel=\"noopener\">Datenschutz-Informationen<\/a> zur Kenntnis genommen.<\/p>\n<p> <abbr class=\"required\" title=\"ben\u00f6tigt\">*<\/abbr><\/label><\/p><p class=\"hidden\"><input type=\"text\" name=\"avia_10_1\" class=\"hidden \" id=\"avia_10_1\" value=\"\" \/><\/p><p class='   form_element form_fullwidth' id='element_avia_11_1'><span class='value_verifier_label'>1 + 0 = ?<\/span><input name=\"avia_11_1_verifier\" type=\"hidden\" id=\"avia_11_1_verifier\" value=\"157265176\"\/><label for=\"avia_11_1\">Bitte l\u00f6se die Gleichung. Diese Ma\u00dfnahme dient der Abwehr von Spam <abbr class=\"required\" title=\"ben\u00f6tigt\">*<\/abbr><\/label><input name=\"avia_11_1\" class=\"text_input captcha\" type=\"text\" id=\"avia_11_1\" value=\"\"\/><\/p><p class=\"form_element \"><input type=\"hidden\" value=\"1\" name=\"avia_generated_form1\" \/><input type=\"submit\" value=\"Senden\" class=\"button\"  data-sending-label=\"Sende\"\/><\/p><\/fieldset><\/form><div id=\"ajaxresponse_1\" class=\"ajaxresponse ajaxresponse_1 hidden\"><\/div>\n","protected":false},"excerpt":{"rendered":"","protected":false},"author":1,"featured_media":0,"parent":0,"menu_order":0,"comment_status":"closed","ping_status":"closed","template":"","meta":{"footnotes":""},"_links":{"self":[{"href":"https:\/\/www.wba-direkt.de\/index.php?rest_route=\/wp\/v2\/pages\/815"}],"collection":[{"href":"https:\/\/www.wba-direkt.de\/index.php?rest_route=\/wp\/v2\/pages"}],"about":[{"href":"https:\/\/www.wba-direkt.de\/index.php?rest_route=\/wp\/v2\/types\/page"}],"author":[{"embeddable":true,"href":"https:\/\/www.wba-direkt.de\/index.php?rest_route=\/wp\/v2\/users\/1"}],"replies":[{"embeddable":true,"href":"https:\/\/www.wba-direkt.de\/index.php?rest_route=%2Fwp%2Fv2%2Fcomments&post=815"}],"version-history":[{"count":21,"href":"https:\/\/www.wba-direkt.de\/index.php?rest_route=\/wp\/v2\/pages\/815\/revisions"}],"predecessor-version":[{"id":1348,"href":"https:\/\/www.wba-direkt.de\/index.php?rest_route=\/wp\/v2\/pages\/815\/revisions\/1348"}],"wp:attachment":[{"href":"https:\/\/www.wba-direkt.de\/index.php?rest_route=%2Fwp%2Fv2%2Fmedia&parent=815"}],"curies":[{"name":"wp","href":"https:\/\/api.w.org\/{rel}","templated":true}]}}