{"id":36,"date":"2016-07-04T08:58:21","date_gmt":"2016-07-04T08:58:21","guid":{"rendered":"http:\/\/www.wba-direkt.de\/?page_id=36"},"modified":"2025-04-30T09:25:26","modified_gmt":"2025-04-30T09:25:26","slug":"nutzungsbedinungen","status":"publish","type":"page","link":"https:\/\/www.wba-direkt.de\/?page_id=36","title":{"rendered":"Nutzungsbedingungen"},"content":{"rendered":"<section  class='av_textblock_section av-w1yo-7f275ef9f1cb87a25f9a999e3560b791'  itemscope=\"itemscope\" itemtype=\"https:\/\/schema.org\/CreativeWork\" ><div class='avia_textblock'  itemprop=\"text\" ><h4>Hinweis<\/h4>\n<p>Die Informationen auf der Webseite der W.B.A. GmbH werden regelm\u00e4\u00dfig \u00fcberpr\u00fcft und aktualisiert. Trotz aller Sorgfalt k\u00f6nnen sich aber Angaben zwischenzeitlich ver\u00e4ndert haben. Eine Gew\u00e4hr f\u00fcr die Aktualit\u00e4t, Richtigkeit und Vollst\u00e4ndigkeit der zur Verf\u00fcgung gestellten Informationen kann daher nicht \u00fcbernommen werden. Hinsichtlich der einzelnen Leistungsmerkmale der auf dieser Webseite vorgestellten Produkte sind allein die endg\u00fcltigen Vertragsbedingungen der jeweiligen Versicherungsgesellschaft ma\u00dfgeblich.<\/p>\n<div style=\"height: 30px;\"><\/div>\n<h4>Urheberrechte<\/h4>\n<p>Inhalt und Struktur der W.B.A.-Websites sind urheberrechtlich gesch\u00fctzt. Die Vervielf\u00e4ltigung von Informationen oder Daten, insbesondere die Verwendung von Texten, Textteilen oder Bildmaterial bedarf der vorherigen Zustimmung.<\/p>\n<div style=\"height: 30px;\"><\/div>\n<h4>Marken und Logos<\/h4>\n<p>Die auf www.wba-direkt.de verwendeten Marken und Logos sind Eigentum der W.B.A. GmbH. Es ist nicht gestattet, Marken und Logos ohne vorherige schriftliche Zustimmung zu nutzen.<\/p>\n<\/div><\/section>\n","protected":false},"excerpt":{"rendered":"","protected":false},"author":1,"featured_media":0,"parent":0,"menu_order":0,"comment_status":"closed","ping_status":"closed","template":"","meta":{"footnotes":""},"_links":{"self":[{"href":"https:\/\/www.wba-direkt.de\/index.php?rest_route=\/wp\/v2\/pages\/36"}],"collection":[{"href":"https:\/\/www.wba-direkt.de\/index.php?rest_route=\/wp\/v2\/pages"}],"about":[{"href":"https:\/\/www.wba-direkt.de\/index.php?rest_route=\/wp\/v2\/types\/page"}],"author":[{"embeddable":true,"href":"https:\/\/www.wba-direkt.de\/index.php?rest_route=\/wp\/v2\/users\/1"}],"replies":[{"embeddable":true,"href":"https:\/\/www.wba-direkt.de\/index.php?rest_route=%2Fwp%2Fv2%2Fcomments&post=36"}],"version-history":[{"count":11,"href":"https:\/\/www.wba-direkt.de\/index.php?rest_route=\/wp\/v2\/pages\/36\/revisions"}],"predecessor-version":[{"id":1360,"href":"https:\/\/www.wba-direkt.de\/index.php?rest_route=\/wp\/v2\/pages\/36\/revisions\/1360"}],"wp:attachment":[{"href":"https:\/\/www.wba-direkt.de\/index.php?rest_route=%2Fwp%2Fv2%2Fmedia&parent=36"}],"curies":[{"name":"wp","href":"https:\/\/api.w.org\/{rel}","templated":true}]}}