{"id":30,"date":"2016-07-04T08:55:40","date_gmt":"2016-07-04T08:55:40","guid":{"rendered":"http:\/\/www.wba-direkt.de\/?page_id=30"},"modified":"2017-05-02T09:35:27","modified_gmt":"2017-05-02T09:35:27","slug":"versicherungsschutz-existenzsicherung","status":"publish","type":"page","link":"https:\/\/www.wba-direkt.de\/?page_id=30","title":{"rendered":"Existenzschutz"},"content":{"rendered":"\n<style type=\"text\/css\" data-created_by=\"avia_inline_auto\" id=\"style-css-av-av_heading-eb83b34d7684d229a40a9cc634d6f847\">\n#top .av-special-heading.av-av_heading-eb83b34d7684d229a40a9cc634d6f847{\npadding-bottom:10px;\n}\nbody .av-special-heading.av-av_heading-eb83b34d7684d229a40a9cc634d6f847 .av-special-heading-tag .heading-char{\nfont-size:25px;\n}\n.av-special-heading.av-av_heading-eb83b34d7684d229a40a9cc634d6f847 .av-subheading{\nfont-size:15px;\n}\n<\/style>\n<div  class='av-special-heading av-av_heading-eb83b34d7684d229a40a9cc634d6f847 av-special-heading-h3  avia-builder-el-0  el_before_av_textblock  avia-builder-el-first '><h3 class='av-special-heading-tag'  itemprop=\"headline\"  >Existenzschutz<\/h3><div class=\"special-heading-border\"><div class=\"special-heading-inner-border\"><\/div><\/div><\/div>\n<section  class='av_textblock_section av-av_textblock-0366cc7376be6c9e82a3e9cc8987b64f'  itemscope=\"itemscope\" itemtype=\"https:\/\/schema.org\/CreativeWork\" ><div class='avia_textblock'  itemprop=\"text\" ><p> <strong>Bleiben Sie immer auf der sicheren Seite. Wir bieten Ihnen den optimalen Schutz.<br \/>\n <\/strong><\/p>\n<\/div><\/section>\n\n<style type=\"text\/css\" data-created_by=\"avia_inline_auto\" id=\"style-css-av-av_iconlist-43d2839a9c4ca2d0f17014509f7d10b3\">\n#top .avia-icon-list-container.av-av_iconlist-43d2839a9c4ca2d0f17014509f7d10b3 .iconlist_icon{\nbackground-color:#0e553f;\n}\n<\/style>\n<div  class='avia-icon-list-container av-av_iconlist-43d2839a9c4ca2d0f17014509f7d10b3  avia-builder-el-2  el_after_av_textblock  el_before_av_heading '><ul class='avia-icon-list avia_animate_when_almost_visible avia-icon-list-left av-iconlist-big av-av_iconlist-43d2839a9c4ca2d0f17014509f7d10b3 avia-iconlist-animate'>\n <li><div class='iconlist_icon av-av_iconlist_item-7ea64ac57a5cd7c69031acb97170cf1b avia-font-fontello'><span class='iconlist-char' aria-hidden='true' data-av_icon='\ue857' data-av_iconfont='fontello'><\/span><\/div><article class=\"article-icon-entry av-iconlist-empty\"  itemscope=\"itemscope\" itemtype=\"https:\/\/schema.org\/CreativeWork\" ><div class=\"iconlist_content_wrap\"><header class=\"entry-content-header\"><h4 class='av_iconlist_title iconlist_title  '  itemprop=\"headline\" >Von der Absicherung bei Dienstunf\u00e4higkeit bis zur Unfallversicherung<\/h4><\/header><div class='iconlist_content '  itemprop=\"text\" ><\/div><\/div><footer class=\"entry-footer\"><\/footer><\/article><div class=\"iconlist-timeline\"><\/div><\/li>\n <li><div class='iconlist_icon av-av_iconlist_item-104f78bf64da4641ab31ea111031ffd0 avia-font-fontello'><span class='iconlist-char' aria-hidden='true' data-av_icon='\ue8a3' data-av_iconfont='fontello'><\/span><\/div><article class=\"article-icon-entry av-iconlist-empty\"  itemscope=\"itemscope\" itemtype=\"https:\/\/schema.org\/CreativeWork\" ><div class=\"iconlist_content_wrap\"><header class=\"entry-content-header\"><h4 class='av_iconlist_title iconlist_title  '  itemprop=\"headline\" >Individuelle L\u00f6sungen f\u00fcr Ihre Dienstunf\u00e4higkeit und Risikovorsorge<\/h4><\/header><div class='iconlist_content '  itemprop=\"text\" ><\/div><\/div><footer class=\"entry-footer\"><\/footer><\/article><div class=\"iconlist-timeline\"><\/div><\/li>\n <li><div class='iconlist_icon av-av_iconlist_item-efc7429017cf4e8927dc20c56872f477 avia-font-fontello'><span class='iconlist-char' aria-hidden='true' data-av_icon='\ue858' data-av_iconfont='fontello'><\/span><\/div><article class=\"article-icon-entry av-iconlist-empty\"  itemscope=\"itemscope\" itemtype=\"https:\/\/schema.org\/CreativeWork\" ><div class=\"iconlist_content_wrap\"><header class=\"entry-content-header\"><h4 class='av_iconlist_title iconlist_title  '  itemprop=\"headline\" >Sichere, leistungsstarke Vorsorge <\/h4><\/header><div class='iconlist_content '  itemprop=\"text\" ><\/div><\/div><footer class=\"entry-footer\"><\/footer><\/article><div class=\"iconlist-timeline\"><\/div><\/li>\n <li><div class='iconlist_icon av-av_iconlist_item-e232ea5ed63d443a7f00f10247800a49 avia-font-entypo-fontello'><span class='iconlist-char' aria-hidden='true' data-av_icon='\ue824' data-av_iconfont='entypo-fontello'><\/span><\/div><article class=\"article-icon-entry av-iconlist-empty\"  itemscope=\"itemscope\" itemtype=\"https:\/\/schema.org\/CreativeWork\" ><div class=\"iconlist_content_wrap\"><header class=\"entry-content-header\"><h4 class='av_iconlist_title iconlist_title  '  itemprop=\"headline\" >Absicherung gegen finanzielle Folgen von schweren Krankheiten und Unf\u00e4llen<\/h4><\/header><div class='iconlist_content '  itemprop=\"text\" ><\/div><\/div><footer class=\"entry-footer\"><\/footer><\/article><div class=\"iconlist-timeline\"><\/div><\/li>\n <\/ul><\/div>\n\n<style type=\"text\/css\" data-created_by=\"avia_inline_auto\" id=\"style-css-av-av_heading-1f417800842c9b9f2d89037effb23487\">\n#top .av-special-heading.av-av_heading-1f417800842c9b9f2d89037effb23487{\npadding-bottom:10px;\n}\nbody .av-special-heading.av-av_heading-1f417800842c9b9f2d89037effb23487 .av-special-heading-tag .heading-char{\nfont-size:25px;\n}\n.av-special-heading.av-av_heading-1f417800842c9b9f2d89037effb23487 .av-subheading{\nfont-size:15px;\n}\n<\/style>\n<div  class='av-special-heading av-av_heading-1f417800842c9b9f2d89037effb23487 av-special-heading-h3  avia-builder-el-3  el_after_av_iconlist  el_before_av_textblock '><h3 class='av-special-heading-tag'  itemprop=\"headline\"  >Dienstunf\u00e4higkeitsversicherung<\/h3><div class=\"special-heading-border\"><div class=\"special-heading-inner-border\"><\/div><\/div><\/div>\n<section  class='av_textblock_section av-av_textblock-0366cc7376be6c9e82a3e9cc8987b64f'  itemscope=\"itemscope\" itemtype=\"https:\/\/schema.org\/CreativeWork\" ><div class='avia_textblock'  itemprop=\"text\" ><p> <span style=\"color: #000000;\">Auch f\u00fcr Beamte auf Lebenszeit gilt: Schlie\u00dfen Sie Ihre individuelle Versorgungsl\u00fccke, damit Sie im Ernstfall auf nichts verzichten m\u00fcssen.<\/span><section  class='av_textblock_section av-av_textblock-022b42350836769d6ce97aa230d638e5'  itemscope=\"itemscope\" itemtype=\"https:\/\/schema.org\/CreativeWork\" ><div class='avia_textblock'  itemprop=\"text\" ><\/div><\/section><\/p>\n<p><a class=\"custom_button\" href=\"https:\/\/www.wba-direkt.de\/?page_id=815&amp;topic=Dienstunf\u00e4higkeitsversicherung\">Beratung anfordern<\/a><\/p>\n<\/div><\/section>\n\n<style type=\"text\/css\" data-created_by=\"avia_inline_auto\" id=\"style-css-av-av_heading-e2bbf5b2adfa0bf721b3f2979950cf02\">\n#top .av-special-heading.av-av_heading-e2bbf5b2adfa0bf721b3f2979950cf02{\npadding-bottom:10px;\n}\nbody .av-special-heading.av-av_heading-e2bbf5b2adfa0bf721b3f2979950cf02 .av-special-heading-tag .heading-char{\nfont-size:25px;\n}\n.av-special-heading.av-av_heading-e2bbf5b2adfa0bf721b3f2979950cf02 .av-subheading{\nfont-size:15px;\n}\n<\/style>\n<div  class='av-special-heading av-av_heading-e2bbf5b2adfa0bf721b3f2979950cf02 av-special-heading-h3  avia-builder-el-6  el_after_av_textblock  el_before_av_textblock '><h3 class='av-special-heading-tag'  itemprop=\"headline\"  >Dienstanf\u00e4ngerpolice f\u00fcr Beamte<\/h3><div class=\"special-heading-border\"><div class=\"special-heading-inner-border\"><\/div><\/div><\/div>\n<section  class='av_textblock_section av-av_textblock-0366cc7376be6c9e82a3e9cc8987b64f'  itemscope=\"itemscope\" itemtype=\"https:\/\/schema.org\/CreativeWork\" ><div class='avia_textblock'  itemprop=\"text\" ><p> <a class=\"custom_button\" href=\"https:\/\/www.wba-direkt.de\/?page_id=815&amp;topic=Dienstanf\u00e4ngerpolice f\u00fcr Beamte\">Beratung anfordern<\/a><\/p>\n<\/div><\/section>\n\n<style type=\"text\/css\" data-created_by=\"avia_inline_auto\" id=\"style-css-av-av_heading-3db3736e26f37c46242d4aa7f546b84c\">\n#top .av-special-heading.av-av_heading-3db3736e26f37c46242d4aa7f546b84c{\npadding-bottom:10px;\n}\nbody .av-special-heading.av-av_heading-3db3736e26f37c46242d4aa7f546b84c .av-special-heading-tag .heading-char{\nfont-size:25px;\n}\n.av-special-heading.av-av_heading-3db3736e26f37c46242d4aa7f546b84c .av-subheading{\nfont-size:15px;\n}\n<\/style>\n<div  class='av-special-heading av-av_heading-3db3736e26f37c46242d4aa7f546b84c av-special-heading-h3  avia-builder-el-8  el_after_av_textblock  el_before_av_textblock '><h3 class='av-special-heading-tag'  itemprop=\"headline\"  >Risiko-\/Kapitallebensversicherung<\/h3><div class=\"special-heading-border\"><div class=\"special-heading-inner-border\"><\/div><\/div><\/div>\n<section  class='av_textblock_section av-av_textblock-0366cc7376be6c9e82a3e9cc8987b64f'  itemscope=\"itemscope\" itemtype=\"https:\/\/schema.org\/CreativeWork\" ><div class='avia_textblock'  itemprop=\"text\" ><p> <a class=\"custom_button\" href=\"https:\/\/www.wba-direkt.de\/?page_id=815&amp;topic=Risiko- und Kapitallebensversicherung\">Beratung anfordern<\/a><\/p>\n<\/div><\/section>\n\n<style type=\"text\/css\" data-created_by=\"avia_inline_auto\" id=\"style-css-av-av_heading-627c42787743dae7158929fa64a5ede9\">\n#top .av-special-heading.av-av_heading-627c42787743dae7158929fa64a5ede9{\npadding-bottom:10px;\n}\nbody .av-special-heading.av-av_heading-627c42787743dae7158929fa64a5ede9 .av-special-heading-tag .heading-char{\nfont-size:25px;\n}\n.av-special-heading.av-av_heading-627c42787743dae7158929fa64a5ede9 .av-subheading{\nfont-size:15px;\n}\n<\/style>\n<div  class='av-special-heading av-av_heading-627c42787743dae7158929fa64a5ede9 av-special-heading-h3  avia-builder-el-10  el_after_av_textblock  el_before_av_textblock '><h3 class='av-special-heading-tag'  itemprop=\"headline\"  >Risiko-Unfallversicherung<\/h3><div class=\"special-heading-border\"><div class=\"special-heading-inner-border\"><\/div><\/div><\/div>\n<section  class='av_textblock_section av-av_textblock-0366cc7376be6c9e82a3e9cc8987b64f'  itemscope=\"itemscope\" itemtype=\"https:\/\/schema.org\/CreativeWork\" ><div class='avia_textblock'  itemprop=\"text\" ><p> <a class=\"custom_button\" href=\"https:\/\/www.wba-direkt.de\/?page_id=815&amp;topic=Risiko-Unfallversicherung\">Beratung anfordern<\/a><\/p>\n<\/div><\/section>\n\n<style type=\"text\/css\" data-created_by=\"avia_inline_auto\" id=\"style-css-av-av_heading-fc4cc774347b0bac9f278c457172ccca\">\n#top .av-special-heading.av-av_heading-fc4cc774347b0bac9f278c457172ccca{\npadding-bottom:10px;\n}\nbody .av-special-heading.av-av_heading-fc4cc774347b0bac9f278c457172ccca .av-special-heading-tag .heading-char{\nfont-size:25px;\n}\n.av-special-heading.av-av_heading-fc4cc774347b0bac9f278c457172ccca .av-subheading{\nfont-size:15px;\n}\n<\/style>\n<div  class='av-special-heading av-av_heading-fc4cc774347b0bac9f278c457172ccca av-special-heading-h3  avia-builder-el-12  el_after_av_textblock  el_before_av_textblock '><h3 class='av-special-heading-tag'  itemprop=\"headline\"  >Unfallversicherung mit Absicherung von schweren Krankheiten<\/h3><div class=\"special-heading-border\"><div class=\"special-heading-inner-border\"><\/div><\/div><\/div>\n<section  class='av_textblock_section av-av_textblock-0366cc7376be6c9e82a3e9cc8987b64f'  itemscope=\"itemscope\" itemtype=\"https:\/\/schema.org\/CreativeWork\" ><div class='avia_textblock'  itemprop=\"text\" ><p> <a class=\"custom_button\" href=\"https:\/\/www.wba-direkt.de\/?page_id=815&amp;topic=Unfallversicherung mit Absicherung von schweren Krankheiten\"> Beratung anfordern<\/a><\/p>\n<\/div><\/section>\n\n<style type=\"text\/css\" data-created_by=\"avia_inline_auto\" id=\"style-css-av-av_heading-0a0222f1c831030815b894323e5a3176\">\n#top .av-special-heading.av-av_heading-0a0222f1c831030815b894323e5a3176{\npadding-bottom:10px;\n}\nbody .av-special-heading.av-av_heading-0a0222f1c831030815b894323e5a3176 .av-special-heading-tag .heading-char{\nfont-size:25px;\n}\n.av-special-heading.av-av_heading-0a0222f1c831030815b894323e5a3176 .av-subheading{\nfont-size:15px;\n}\n<\/style>\n<div  class='av-special-heading av-av_heading-0a0222f1c831030815b894323e5a3176 av-special-heading-h3  avia-builder-el-14  el_after_av_textblock  el_before_av_textblock '><h3 class='av-special-heading-tag'  itemprop=\"headline\"  >Schulunf\u00e4higkeitsversicherung<\/h3><div class=\"special-heading-border\"><div class=\"special-heading-inner-border\"><\/div><\/div><\/div>\n<section  class='av_textblock_section av-av_textblock-0366cc7376be6c9e82a3e9cc8987b64f'  itemscope=\"itemscope\" itemtype=\"https:\/\/schema.org\/CreativeWork\" ><div class='avia_textblock'  itemprop=\"text\" ><p> <a class=\"custom_button\" href=\"https:\/\/www.wba-direkt.de\/?page_id=815&amp;topic=Schulunf\u00e4higkeitsversicherung\">Beratung anfordern<\/a><\/p>\n<\/div><\/section>\n","protected":false},"excerpt":{"rendered":"","protected":false},"author":1,"featured_media":0,"parent":50,"menu_order":0,"comment_status":"closed","ping_status":"closed","template":"","meta":{"footnotes":""},"_links":{"self":[{"href":"https:\/\/www.wba-direkt.de\/index.php?rest_route=\/wp\/v2\/pages\/30"}],"collection":[{"href":"https:\/\/www.wba-direkt.de\/index.php?rest_route=\/wp\/v2\/pages"}],"about":[{"href":"https:\/\/www.wba-direkt.de\/index.php?rest_route=\/wp\/v2\/types\/page"}],"author":[{"embeddable":true,"href":"https:\/\/www.wba-direkt.de\/index.php?rest_route=\/wp\/v2\/users\/1"}],"replies":[{"embeddable":true,"href":"https:\/\/www.wba-direkt.de\/index.php?rest_route=%2Fwp%2Fv2%2Fcomments&post=30"}],"version-history":[{"count":28,"href":"https:\/\/www.wba-direkt.de\/index.php?rest_route=\/wp\/v2\/pages\/30\/revisions"}],"predecessor-version":[{"id":1090,"href":"https:\/\/www.wba-direkt.de\/index.php?rest_route=\/wp\/v2\/pages\/30\/revisions\/1090"}],"up":[{"embeddable":true,"href":"https:\/\/www.wba-direkt.de\/index.php?rest_route=\/wp\/v2\/pages\/50"}],"wp:attachment":[{"href":"https:\/\/www.wba-direkt.de\/index.php?rest_route=%2Fwp%2Fv2%2Fmedia&parent=30"}],"curies":[{"name":"wp","href":"https:\/\/api.w.org\/{rel}","templated":true}]}}