{"id":28,"date":"2016-07-04T08:55:02","date_gmt":"2016-07-04T08:55:02","guid":{"rendered":"http:\/\/www.wba-direkt.de\/?page_id=28"},"modified":"2017-05-17T11:34:21","modified_gmt":"2017-05-17T11:34:21","slug":"versicherungsschutz-altersvorsorge","status":"publish","type":"page","link":"https:\/\/www.wba-direkt.de\/?page_id=28","title":{"rendered":"Altersvorsorge"},"content":{"rendered":"\n<style type=\"text\/css\" data-created_by=\"avia_inline_auto\" id=\"style-css-av-av_heading-e5e506e5c126aadb5808350fa30ba6d8\">\n#top .av-special-heading.av-av_heading-e5e506e5c126aadb5808350fa30ba6d8{\npadding-bottom:10px;\n}\nbody .av-special-heading.av-av_heading-e5e506e5c126aadb5808350fa30ba6d8 .av-special-heading-tag .heading-char{\nfont-size:25px;\n}\n.av-special-heading.av-av_heading-e5e506e5c126aadb5808350fa30ba6d8 .av-subheading{\nfont-size:15px;\n}\n<\/style>\n<div  class='av-special-heading av-av_heading-e5e506e5c126aadb5808350fa30ba6d8 av-special-heading-h3  avia-builder-el-0  el_before_av_textblock  avia-builder-el-first '><h3 class='av-special-heading-tag'  itemprop=\"headline\"  >Rentenversicherung<\/h3><div class=\"special-heading-border\"><div class=\"special-heading-inner-border\"><\/div><\/div><\/div>\n<section  class='av_textblock_section av-av_textblock-0366cc7376be6c9e82a3e9cc8987b64f'  itemscope=\"itemscope\" itemtype=\"https:\/\/schema.org\/CreativeWork\" ><div class='avia_textblock'  itemprop=\"text\" ><p> <strong>M\u00f6chten Sie auch im Alter Ihr Leben genie\u00dfen? Dann w\u00e4hlen Sie heute die richtige Vorsorge daf\u00fcr.<br \/>\n Mit individuellen Vorsorgeprodukten finden wir Ihren pers\u00f6nlichen Versicherungsschutz.<\/strong><\/p>\n<\/div><\/section>\n\n<style type=\"text\/css\" data-created_by=\"avia_inline_auto\" id=\"style-css-av-av_iconlist-43d2839a9c4ca2d0f17014509f7d10b3\">\n#top .avia-icon-list-container.av-av_iconlist-43d2839a9c4ca2d0f17014509f7d10b3 .iconlist_icon{\nbackground-color:#0e553f;\n}\n<\/style>\n<div  class='avia-icon-list-container av-av_iconlist-43d2839a9c4ca2d0f17014509f7d10b3  avia-builder-el-2  el_after_av_textblock  el_before_av_textblock '><ul class='avia-icon-list avia_animate_when_almost_visible avia-icon-list-left av-iconlist-big av-av_iconlist-43d2839a9c4ca2d0f17014509f7d10b3 avia-iconlist-animate'>\n <li><div class='iconlist_icon av-av_iconlist_item-039a8e78f2298019cd6e8a4d7e49b6ca avia-font-entypo-fontello'><span class='iconlist-char' aria-hidden='true' data-av_icon='\ue824' data-av_iconfont='entypo-fontello'><\/span><\/div><article class=\"article-icon-entry av-iconlist-empty\"  itemscope=\"itemscope\" itemtype=\"https:\/\/schema.org\/CreativeWork\" ><div class=\"iconlist_content_wrap\"><header class=\"entry-content-header\"><h4 class='av_iconlist_title iconlist_title  '  itemprop=\"headline\" >Absicherung Ihres Lebensstandards im Alter<\/h4><\/header><div class='iconlist_content '  itemprop=\"text\" ><\/div><\/div><footer class=\"entry-footer\"><\/footer><\/article><div class=\"iconlist-timeline\"><\/div><\/li>\n <li><div class='iconlist_icon av-av_iconlist_item-119dc00247abdd50f9512f9455c2fca9 avia-font-entypo-fontello'><span class='iconlist-char' aria-hidden='true' data-av_icon='\ue80b' data-av_iconfont='entypo-fontello'><\/span><\/div><article class=\"article-icon-entry av-iconlist-empty\"  itemscope=\"itemscope\" itemtype=\"https:\/\/schema.org\/CreativeWork\" ><div class=\"iconlist_content_wrap\"><header class=\"entry-content-header\"><h4 class='av_iconlist_title iconlist_title  '  itemprop=\"headline\" >Spezielle L\u00f6sungen f\u00fcr Beamte und Angestellte im \u00d6ffentlichen Dienst<\/h4><\/header><div class='iconlist_content '  itemprop=\"text\" ><\/div><\/div><footer class=\"entry-footer\"><\/footer><\/article><div class=\"iconlist-timeline\"><\/div><\/li>\n <li><div class='iconlist_icon av-av_iconlist_item-d4728a91557f7166805a8c6f066bc0b8 avia-font-fontello'><span class='iconlist-char' aria-hidden='true' data-av_icon='\ue844' data-av_iconfont='fontello'><\/span><\/div><article class=\"article-icon-entry av-iconlist-empty\"  itemscope=\"itemscope\" itemtype=\"https:\/\/schema.org\/CreativeWork\" ><div class=\"iconlist_content_wrap\"><header class=\"entry-content-header\"><h4 class='av_iconlist_title iconlist_title  '  itemprop=\"headline\" >Nutzung von steuerlichen Vorteilen f\u00fcr den Aufbau Ihrer Altersvorsorge<\/h4><\/header><div class='iconlist_content '  itemprop=\"text\" ><\/div><\/div><footer class=\"entry-footer\"><\/footer><\/article><div class=\"iconlist-timeline\"><\/div><\/li>\n <\/ul><\/div>\n<section  class='av_textblock_section av-av_textblock-0366cc7376be6c9e82a3e9cc8987b64f'  itemscope=\"itemscope\" itemtype=\"https:\/\/schema.org\/CreativeWork\" ><div class='avia_textblock'  itemprop=\"text\" ><\/div><\/section>\n\n<style type=\"text\/css\" data-created_by=\"avia_inline_auto\" id=\"style-css-av-av_heading-d86ba0fa04b1febd5ad0a470bcda050e\">\n#top .av-special-heading.av-av_heading-d86ba0fa04b1febd5ad0a470bcda050e{\npadding-bottom:8px;\n}\nbody .av-special-heading.av-av_heading-d86ba0fa04b1febd5ad0a470bcda050e .av-special-heading-tag .heading-char{\nfont-size:25px;\n}\n.av-special-heading.av-av_heading-d86ba0fa04b1febd5ad0a470bcda050e .av-subheading{\nfont-size:15px;\n}\n<\/style>\n<div  class='av-special-heading av-av_heading-d86ba0fa04b1febd5ad0a470bcda050e av-special-heading-h4  avia-builder-el-4  el_after_av_textblock  el_before_av_textblock '><h4 class='av-special-heading-tag'  itemprop=\"headline\"  >Privat-Rente<\/h4><div class=\"special-heading-border\"><div class=\"special-heading-inner-border\"><\/div><\/div><\/div>\n<section  class='av_textblock_section av-av_textblock-0366cc7376be6c9e82a3e9cc8987b64f'  itemscope=\"itemscope\" itemtype=\"https:\/\/schema.org\/CreativeWork\" ><div class='avia_textblock'  itemprop=\"text\" ><p> <span style=\"color: #000000;\">Flexibel, sicher und individuell f\u00fcr das Alter vorsorgen.<\/span><\/p>\n<p><a class=\"custom_button\" href=\"https:\/\/www.wba-direkt.de\/?page_id=815&amp;topic=Privat-Rente\">Beratung anfordern<\/a><\/p>\n<\/div><\/section>\n\n<style type=\"text\/css\" data-created_by=\"avia_inline_auto\" id=\"style-css-av-av_heading-4358346444f56ff3a33d3f11cf2ee08e\">\n#top .av-special-heading.av-av_heading-4358346444f56ff3a33d3f11cf2ee08e{\npadding-bottom:10px;\n}\nbody .av-special-heading.av-av_heading-4358346444f56ff3a33d3f11cf2ee08e .av-special-heading-tag .heading-char{\nfont-size:25px;\n}\n.av-special-heading.av-av_heading-4358346444f56ff3a33d3f11cf2ee08e .av-subheading{\nfont-size:15px;\n}\n<\/style>\n<div  class='av-special-heading av-av_heading-4358346444f56ff3a33d3f11cf2ee08e av-special-heading-h4  avia-builder-el-6  el_after_av_textblock  el_before_av_textblock '><h4 class='av-special-heading-tag'  itemprop=\"headline\"  >Riester-Rente<\/h4><div class=\"special-heading-border\"><div class=\"special-heading-inner-border\"><\/div><\/div><\/div>\n<section  class='av_textblock_section av-av_textblock-0366cc7376be6c9e82a3e9cc8987b64f'  itemscope=\"itemscope\" itemtype=\"https:\/\/schema.org\/CreativeWork\" ><div class='avia_textblock'  itemprop=\"text\" ><p> <span style=\"color: #000000;\">Mit staatlichen Riester-Zulagen und Steuervorteilen zu mehr Geld im Alter.<\/span><\/p>\n<p><a class=\"custom_button\" href=\"https:\/\/www.wba-direkt.de\/?page_id=815&amp;topic=Riester-Rente\">Beratung anfordern<\/a><\/p>\n<\/div><\/section>\n\n<style type=\"text\/css\" data-created_by=\"avia_inline_auto\" id=\"style-css-av-av_heading-5f16b6f6d25f6fd56378cd93757c592a\">\n#top .av-special-heading.av-av_heading-5f16b6f6d25f6fd56378cd93757c592a{\npadding-bottom:10px;\n}\nbody .av-special-heading.av-av_heading-5f16b6f6d25f6fd56378cd93757c592a .av-special-heading-tag .heading-char{\nfont-size:25px;\n}\n.av-special-heading.av-av_heading-5f16b6f6d25f6fd56378cd93757c592a .av-subheading{\nfont-size:15px;\n}\n<\/style>\n<div  class='av-special-heading av-av_heading-5f16b6f6d25f6fd56378cd93757c592a av-special-heading-h4  avia-builder-el-8  el_after_av_textblock  el_before_av_textblock '><h4 class='av-special-heading-tag'  itemprop=\"headline\"  >R\u00fcrup-Rente<\/h4><div class=\"special-heading-border\"><div class=\"special-heading-inner-border\"><\/div><\/div><\/div>\n<section  class='av_textblock_section av-av_textblock-0366cc7376be6c9e82a3e9cc8987b64f'  itemscope=\"itemscope\" itemtype=\"https:\/\/schema.org\/CreativeWork\" ><div class='avia_textblock'  itemprop=\"text\" ><p> <span style=\"color: #000000;\">Versorgungsl\u00fccke ausgleichen und heute schon von attraktiven Steuervorteilen profitieren.<\/span><\/p>\n<p><a class=\"custom_button\" href=\"https:\/\/www.wba-direkt.de\/?page_id=815&amp;topic=R\u00fcrup-Rente\">Beratung anfordern<\/a><\/p>\n<\/div><\/section>\n","protected":false},"excerpt":{"rendered":"","protected":false},"author":1,"featured_media":0,"parent":50,"menu_order":0,"comment_status":"closed","ping_status":"closed","template":"","meta":{"footnotes":""},"_links":{"self":[{"href":"https:\/\/www.wba-direkt.de\/index.php?rest_route=\/wp\/v2\/pages\/28"}],"collection":[{"href":"https:\/\/www.wba-direkt.de\/index.php?rest_route=\/wp\/v2\/pages"}],"about":[{"href":"https:\/\/www.wba-direkt.de\/index.php?rest_route=\/wp\/v2\/types\/page"}],"author":[{"embeddable":true,"href":"https:\/\/www.wba-direkt.de\/index.php?rest_route=\/wp\/v2\/users\/1"}],"replies":[{"embeddable":true,"href":"https:\/\/www.wba-direkt.de\/index.php?rest_route=%2Fwp%2Fv2%2Fcomments&post=28"}],"version-history":[{"count":29,"href":"https:\/\/www.wba-direkt.de\/index.php?rest_route=\/wp\/v2\/pages\/28\/revisions"}],"predecessor-version":[{"id":1161,"href":"https:\/\/www.wba-direkt.de\/index.php?rest_route=\/wp\/v2\/pages\/28\/revisions\/1161"}],"up":[{"embeddable":true,"href":"https:\/\/www.wba-direkt.de\/index.php?rest_route=\/wp\/v2\/pages\/50"}],"wp:attachment":[{"href":"https:\/\/www.wba-direkt.de\/index.php?rest_route=%2Fwp%2Fv2%2Fmedia&parent=28"}],"curies":[{"name":"wp","href":"https:\/\/api.w.org\/{rel}","templated":true}]}}