{"id":224,"date":"2017-02-02T10:51:59","date_gmt":"2017-02-02T10:51:59","guid":{"rendered":"http:\/\/www.wba-direkt.de\/?page_id=224"},"modified":"2025-04-30T09:24:24","modified_gmt":"2025-04-30T09:24:24","slug":"datenschutz","status":"publish","type":"page","link":"https:\/\/www.wba-direkt.de\/?page_id=224","title":{"rendered":"Datenschutz bei W.B.A. GmbH"},"content":{"rendered":"<section  class='av_textblock_section av-budpk-3099a4d8eeab44340fed8c50c22cf786'  itemscope=\"itemscope\" itemtype=\"https:\/\/schema.org\/CreativeWork\" ><div class='avia_textblock'  itemprop=\"text\" ><h4><\/h4>\n<p>Wir freuen uns \u00fcber Ihr Interesse an unseren Angeboten und informieren Sie , wie W.B.A. GmbH, nachfolgend W.B.A. genannt, mit Ihren personenbezogenen Daten im Versicherungsbereich umgeht,\u00a0 bei der Nutzung unserer vielf\u00e4ltigen Online- und mobilen Angeboten, bei der Beratung und Betreuung unserer Kunden sowie der Vermittlung und dem Abschluss von Vertr\u00e4gen.<\/p>\n<div style=\"height: 30px;\"><\/div>\n<h4>Grunds\u00e4tzliches<\/h4>\n<p>Personenbezogene Daten sind alle Informationen, die geeignet sind, Sie als Person zu identifizieren. Der Schutz Ihrer pers\u00f6nlichen Daten hat f\u00fcr W.B.A. einen hohen Stellenwert.\u00a0In dieser Datenschutzerkl\u00e4rung wird erl\u00e4utert, an welchen Stellen welche personenbezogenen Daten von Ihnen erhoben und zu welchen Zwecken diese von W.B.A. verarbeitet werden.<\/p>\n<p>Stellen Sie W.B.A. personenbezogene Daten online zur Verf\u00fcgung, werden diese gem\u00e4\u00df Art. 6 Abs. 1b DSGVO nur zur Beantwortung Ihrer Anfrage, zur Abwicklung mit Ihnen geschlossener Vertr\u00e4ge und nach Art. 6 Abs. 1f DSGVO f\u00fcr die technische Administration oder zur Webseitenoptimierung und Platzierung von Werbung verwendet.<\/p>\n<p>Ihre personenbezogenen Daten werden nur dann an Dritte \u00fcbermittelt, wenn dies f\u00fcr die Vertragsabwicklung (z. B. Ausarbeitung von Versicherungsangeboten) erforderlich ist oder wenn Sie der \u00dcbermittlung gem\u00e4\u00df Art. 6 Abs. 1a DSGVO ausdr\u00fccklich zugestimmt haben. Externe Dienstleister, die im Auftrag f\u00fcr W.B.A. Daten verarbeiten, sind nach den Vorgaben des Art. 28 der Europ\u00e4ischen Datenschutz-Grundverordnung (DSGVO) vertraglich streng verpflichtet und z\u00e4hlen datenschutzrechtlich nicht zu Dritten.<\/p>\n<p>Ausf\u00fchrliche Informationen zum Umgang mit Ihren personenbezogenen Daten bei der Beratung und Betreuung als Kunde oder Interessent an unseren Angeboten und Dienstleistungen finden Sie\u00a0 <a href=\"https:\/\/www.wba-direkt.de\/wp-content\/uploads\/2018\/09\/Homapage-Info\u00dcberDatenverarbeitungBeiWBA.pdf\" target=\"_blank\" rel=\"noopener\"> <strong>-> HIER<\/strong><\/a><\/p>\n<p>Grunds\u00e4tzlich findet die Verarbeitung Ihrer Daten in der Bundesrepublik Deutschland statt und richtet sich nach den Vorschriften der Datenschutz-Grundverordnung (DSGVO), den Bundesdatenschutzgesetzes (BDSG) sowie des Telemediengesetzes (TMG). In Einzelf\u00e4llen und nur im gesetzlich zul\u00e4ssigen Rahmen findet die Datenverarbeitung auch im Ausland statt.<\/p>\n<div style=\"height: 30px;\"><\/div>\n<h4>Daten\u00fcbertragung<\/h4>\n<p>Ihr Besuch ist durch das Transportprotokoll SSL (Secure Socket Layer) auf der Webseite der W.B.A. vor unbefugten Zugriffen gesch\u00fctzt. Dies gilt auch f\u00fcr die F\u00e4lle, in denen bei der Benutzung der W.B.A.-Internetangebote spezielle Dienstleistungen aufgerufen werden, die den Nutzer zur Eingabe pers\u00f6nlicher Daten auffordern.\u00a0 Diese Daten werden jederzeit gesch\u00fctzt \u00fcbermittelt. Das SSL-Transportprotokoll entspricht den Empfehlungen des Bundesamtes f\u00fcr Sicherheit in der Informationstechnik (BSI) und wird derzeit als sicher angesehen.<\/p>\n<div style=\"height: 30px;\"><\/div>\n<h4>Datenschutz beim Besuch der W.B.A.-Webseite<\/h4>\n<p>Ihre Daten werden auf Systemen der W.B.A. oder datenschutzrechtlich eingebundenen Auftragsverarbeitern gespeichert. S\u00e4mtliche IT unterliegt einem IT-Sicherheitskonzept. Server und Netzwerke sind durch aktuelle IT-Sicherheitskomponenten vor fremden Zugriffen gesch\u00fctzt.<\/p>\n<p>Wenn Sie die W.B.A.-Webseite besuchen, erheben wir auf Grundlage unserer berechtigten Interessen im Sinne des Art. 6 Abs. 1f DSGVO Daten \u00fcber jeden Zugriff auf den Server, auf dem sich dieser Dienst befindet. Namen der abgerufenen Webseite, Datei, Datum und Uhrzeit des Abrufs, \u00fcbertragene Datenmenge, Meldung \u00fcber den erfolgreichen Abruf, Browsertyp und Browserversion, Betriebssystem des Nutzers, Referrer-URL, die zu vor besuchte Webseite, IP-Adresse und der anfragende Provider geh\u00f6ren zu den Zugriffsdaten.<\/p>\n<p>Aus Sicherheitsgr\u00fcnden (z. B. zur Aufkl\u00e4rung von Missbrauchs- oder Betrugshandlungen) werden Logfile-Informationen f\u00fcr die Dauer von max. 7 Tagen gespeichert und danach gel\u00f6scht. Daten, deren weitere Aufbewahrung zu Beweiszwecken erforderlich ist, bleiben bis zur endg\u00fcltigen Kl\u00e4rung des jeweiligen Vorfalls gespeichert.<\/p>\n<p>Um den richtigen Bedarf an Inhalten zu ermitteln, das Angebot zu verbessern oder um Ihnen interessenbezogene Werbung anzubieten, hat W.B.A. dar\u00fcber hinaus ein berechtigtes Interesse nach Art. 6 Abs. 1f DSGVO daran, Ihr Nutzungsverhalten in pseudonymisierter Form zu analysieren.<\/p>\n<div style=\"height: 30px;\"><\/div>\n<h4>Schutz durch Mitwirkung<\/h4>\n<p>Sie sind als Benutzer verpflichtet, pers\u00f6nliche Zugangsdaten, die Ihnen gegebenenfalls f\u00fcr die Nutzung einzelner Angebote von W.B.A. zur Verf\u00fcgung gestellt werden, vertraulich zu behandeln und keinem Dritten zug\u00e4nglich zu machen. W.B.A. \u00fcbernimmt in diesem Fall keine Haftung f\u00fcr missbr\u00e4uchlich verwendete Passw\u00f6rter, soweit wir den Missbrauch nicht zu vertreten haben.<\/p>\n<div style=\"height: 30px;\"><\/div>\n<h4>Sonstige Schutzma\u00dfnahmen<\/h4>\n<p>W.B.A. hat technische und organisatorische Ma\u00dfnahmen getroffen die sicherstellen, dass die europ\u00e4ischen und deutschen Datenschutzgesetze eingehalten werden. Alle Personen, die bei W.B.A. Daten erheben, verarbeiten oder nutzen, sind zur Wahrung der Vertraulichkeit verpflichtet. Diese Verpflichtung besteht auch nach Beendigung ihrer T\u00e4tigkeit bei W.B.A..<\/p>\n<div style=\"height: 30px;\"><\/div>\n<h4>Ihre Rechte<\/h4>\n<p>\u00dcber die zu Ihrer Person gespeicherten Daten k\u00f6nnen Sie jederzeit Auskunft erhalten. Au\u00dferdem haben Sie unter den gesetzlich definierten Voraussetzungen (Art. 17-21 DSGVO) ein Recht auf L\u00f6schung und Berichtigung Ihrer Daten, auf Einschr\u00e4nkung der Verarbeitung oder auf Daten\u00fcbertragbarkeit bereitgestellter Daten.<\/p>\n<p>Widerrufsrecht: Beruht eine Datenverarbeitung\u00a0 auf einer Einwilligung nach Art. 6 Abs. 1a DSGVO, kann diese Einwilligung jederzeit mit Wirkung f\u00fcr die Zukunft widerrufen werden.<\/p>\n<p>Beruht eine Datenverarbeitung auf einem berechtigten Interesse von W.B.A. nach Art. 6 Abs. 1f DSGVO, k\u00f6nnen Sie dieser Verarbeitung aus Gr\u00fcnden, die sich aus Ihrer besonderen Situation ergeben, widersprechen.<\/p>\n<p>Ihre personenbezogenen Daten verarbeitet W.B.A. nur dann weiter, wenn hierf\u00fcr nachweislich zwingende schutzw\u00fcrdige Gr\u00fcnde vorliegen, die Ihre Interessen, Rechte und Freiheiten \u00fcberwiegen oder die Verarbeitung der Geltendmachung, Aus\u00fcbung oder Verteidigung von Rechtsanspr\u00fcchen dient.<\/p>\n<p><strong>Zur Wahrnehmung Ihrer Rechte wenden Sie sich bitte direkt an unseren Hauptsitz.<\/strong><\/p>\n<p><strong>schriftlich:<br \/>\nW.B.A. GmbH<br \/>\nWirtschaftsdienst f\u00fcr Beamte und Akademiker<br \/>\nKarl-Matti-Str. 17<br \/>\nD-63773 Goldbach <\/strong><\/p>\n<p><strong>elektronisch: <a href=\"mailto:info@wba-direkt.de\">info@wba-direkt.de<\/a> <\/strong><\/p>\n<p>Reichen Sie Ihr jeweiliges Begehren in Textform (schriftlich, per E-Mail) unter den angegebenen Kontaktdaten ein.<\/p>\n<p>Au\u00dferdem steht Ihnen ein Beschwerderecht bei jeder Datenschutzaufsichtsbeh\u00f6rde zu. Eine Liste der Aufsichtsbeh\u00f6rden (f\u00fcr den nicht\u00f6ffentlichen Bereich) mit Anschrift finden Sie unter: <a href=\"https:\/\/www.bfdi.bund.de\/DE\/Infothek\/Anschriften_Links\/anschriften_links-node.html\" target=\"_blank\" rel=\"noopener\">www.bfdi.bund.de<\/a><\/p>\n<p>Die zust\u00e4ndige Aufsichtsbeh\u00f6rde f\u00fcr W.B.A. ist:<br \/>\nBayerischer Landesbeauftragter f\u00fcr den Datenschutz, Wagm\u00fcllerstr. 18, 80538 M\u00fcnchen, Telefon: 089\/212672-0, Telefax: 089\/212672-50,\u00a0E-Mail: <a href=\"mailto:poststelle@datenschutz-bayern.de\">poststelle@datenschutz-bayern.de<\/a> , Homepage: <a href=\"http:\/\/www.datenschutz-bayern.de\" target=\"_blank\" rel=\"noopener\">www.datenschutz-bayern.de<\/a><\/p>\n<div style=\"height: 30px;\"><\/div>\n<h4>Cookies<\/h4>\n<p>W.B.A. verwendet auf verschiedenen Seiten sogenannte Cookies, um den Besuch unserer Webseiten attraktiv zu gestalten und die Nutzung bestimmter Funktionen zu erm\u00f6glichen. Es handelt sich hierbei um kleine Textdateien, die auf Ihrem Endger\u00e4t abgelegt werden. Nach Ende der Browser-Sitzung werden die meisten der von uns verwendeten Cookies wieder gel\u00f6scht (sog. Sitzungs-Cookies, z. B. JSESSIONID, PHPSESSID, frontend_, opa-redirected, captcha). Andere Cookies verbleiben auf Ihrem Endger\u00e4t und erm\u00f6glichen es W.B.A., Ihren Browser beim n\u00e4chsten Besuch wiederzuerkennen (dauerhafte Cookies), um Ihnen interessenbezogene Werbung zuzustellen (z. B. uid, uidp) oder um Ihnen eine Aktualisierung Ihres Browsers zur optimalen Darstellung unseres Angebotes anzubieten (z. B. browse-happy-decision).<\/p>\n<p>Ihren Browser k\u00f6nnen Sie so einstellen, dass Sie \u00fcber das Setzen von Cookies informiert werden und von Fall zu Fall \u00fcber die Annahme entscheiden oder die Annahme von Cookies grunds\u00e4tzlich ausschlie\u00dfen. Wir weisen Sie jedoch darauf hin, dass Sie beim Ausschlie\u00dfen von Cookies gegebenenfalls nicht s\u00e4mtliche Funktionen unserer Webseiten vollumf\u00e4nglich nutzen k\u00f6nnen.<\/p>\n<div style=\"height: 30px;\"><\/div>\n<h4>Kontaktformulare<\/h4>\n<p>W.B.A. erhebt bei Kontaktaufnahme \u00fcber unsere Webseite per Kontaktformular je nach Erfordernis verschiedene personenbezogene Daten von Ihnen. Pflichtfelder sind als solche markiert und stellen die Kontaktaufnahme zu Ihnen sicher. Angaben in nicht als Pflichtfeld markierten Feldern machen Sie freiwillig. Alle von Ihnen zur Verf\u00fcgung gestellten Informationen werden gespeichert und nur f\u00fcr den jeweils benannten Zweck auf Basis des Art 6 Abs. 1b DSGVO von W.B.A. verarbeitet und genutzt.<\/p>\n<p>Die \u00dcbermittlung Ihrer Informationen an W.B.A. erfolgt gesch\u00fctzt. Hierf\u00fcr setzt W.B.A. das Transportprotokoll SSL (Secure Socket Layer) ein, welches derzeit als sicher angesehen wird und den Empfehlungen des Bundesamtes f\u00fcr Sicherheit in der Informationstechnik (BSI) entspricht. Ihre Daten sind damit zu jedem Zeitpunkt vor unbefugten Zugriffen gesch\u00fctzt.<\/p>\n<div style=\"height: 30px;\"><\/div>\n<h4>Stand: 12.06.2018<\/h4>\n<\/div><\/section>\n","protected":false},"excerpt":{"rendered":"","protected":false},"author":1,"featured_media":0,"parent":0,"menu_order":0,"comment_status":"closed","ping_status":"closed","template":"","meta":{"footnotes":""},"_links":{"self":[{"href":"https:\/\/www.wba-direkt.de\/index.php?rest_route=\/wp\/v2\/pages\/224"}],"collection":[{"href":"https:\/\/www.wba-direkt.de\/index.php?rest_route=\/wp\/v2\/pages"}],"about":[{"href":"https:\/\/www.wba-direkt.de\/index.php?rest_route=\/wp\/v2\/types\/page"}],"author":[{"embeddable":true,"href":"https:\/\/www.wba-direkt.de\/index.php?rest_route=\/wp\/v2\/users\/1"}],"replies":[{"embeddable":true,"href":"https:\/\/www.wba-direkt.de\/index.php?rest_route=%2Fwp%2Fv2%2Fcomments&post=224"}],"version-history":[{"count":75,"href":"https:\/\/www.wba-direkt.de\/index.php?rest_route=\/wp\/v2\/pages\/224\/revisions"}],"predecessor-version":[{"id":1359,"href":"https:\/\/www.wba-direkt.de\/index.php?rest_route=\/wp\/v2\/pages\/224\/revisions\/1359"}],"wp:attachment":[{"href":"https:\/\/www.wba-direkt.de\/index.php?rest_route=%2Fwp%2Fv2%2Fmedia&parent=224"}],"curies":[{"name":"wp","href":"https:\/\/api.w.org\/{rel}","templated":true}]}}