{"id":15,"date":"2016-07-04T08:48:52","date_gmt":"2016-07-04T08:48:52","guid":{"rendered":"http:\/\/www.wba-direkt.de\/?page_id=15"},"modified":"2017-05-23T10:55:40","modified_gmt":"2017-05-23T10:55:40","slug":"ueber-uns-versicherungen-sind-vertrauenssache","status":"publish","type":"page","link":"https:\/\/www.wba-direkt.de\/?page_id=15","title":{"rendered":"\u00dcber uns"},"content":{"rendered":"\n<style type=\"text\/css\" data-created_by=\"avia_inline_auto\" id=\"style-css-av-av_heading-88c33594fc537181d87f0fce5cf8d107\">\n#top .av-special-heading.av-av_heading-88c33594fc537181d87f0fce5cf8d107{\npadding-bottom:10px;\n}\nbody .av-special-heading.av-av_heading-88c33594fc537181d87f0fce5cf8d107 .av-special-heading-tag .heading-char{\nfont-size:25px;\n}\n.av-special-heading.av-av_heading-88c33594fc537181d87f0fce5cf8d107 .av-subheading{\nfont-size:15px;\n}\n<\/style>\n<div  class='av-special-heading av-av_heading-88c33594fc537181d87f0fce5cf8d107 av-special-heading-h3  avia-builder-el-0  el_before_av_textblock  avia-builder-el-first '><h3 class='av-special-heading-tag'  itemprop=\"headline\"  >Wirtschaftsdienst f\u00fcr Beamte <span class='special_amp'>&amp;<\/span> Akademiker<\/h3><div class=\"special-heading-border\"><div class=\"special-heading-inner-border\"><\/div><\/div><\/div>\n<section  class='av_textblock_section av-av_textblock-0366cc7376be6c9e82a3e9cc8987b64f'  itemscope=\"itemscope\" itemtype=\"https:\/\/schema.org\/CreativeWork\" ><div class='avia_textblock'  itemprop=\"text\" ><p> Als freier Wirtschaftsdienst f\u00fcr den \u00f6ffentlichen Dienst entlasten wir Sie von vielen zeitraubenden Arbeiten. Wir erstellen ein auf Ihren konkreten Bedarf als Beamter oder Angestellter im \u00f6ffentlichen Dienst zugeschnittenes Versorgungskonzept und passen dieses regelm\u00e4\u00dfig an Ihre Ziele und W\u00fcnsche an. Wir filtern f\u00fcr Sie die geeigneten L\u00f6sungen heraus und suchen die entsprechenden Versicherungsgesellschaften nach Ihrem pers\u00f6nlichen Bedarf. Im Gegensatz zu fest angestellten Beratern geht es uns nicht darum, ein bestimmtes Produkt des jeweiligen Anbieters zu verkaufen. Wir sind vielmehr gesetzlich verpflichtet, Ihre Interessen zu vertreten und f\u00fcr Sie eine ganzheitliche und dauerhafte Betreuung zu gew\u00e4hrleisten. Diese Verpflichtung nehmen wir sehr ernst.<\/p>\n<div style=\"height: 20px;\">\u00a0<\/div>\n<p style=\"text-align: center;\"><span style=\"font-size: 14pt;\"><strong>Versicherungen sind Vertrauenssache<\/strong><\/span><\/p>\n<p style=\"text-align: center;\"><img loading=\"lazy\" decoding=\"async\" class=\"alignnone size-full wp-image-1253\" src=\"https:\/\/www.wba-direkt.de\/wp-content\/uploads\/2017\/05\/wba_versicherungen.png\" alt=\"\" width=\"500\" height=\"499\" srcset=\"https:\/\/www.wba-direkt.de\/wp-content\/uploads\/2017\/05\/wba_versicherungen.png 500w, https:\/\/www.wba-direkt.de\/wp-content\/uploads\/2017\/05\/wba_versicherungen-80x80.png 80w, https:\/\/www.wba-direkt.de\/wp-content\/uploads\/2017\/05\/wba_versicherungen-300x300.png 300w, https:\/\/www.wba-direkt.de\/wp-content\/uploads\/2017\/05\/wba_versicherungen-36x36.png 36w, https:\/\/www.wba-direkt.de\/wp-content\/uploads\/2017\/05\/wba_versicherungen-180x180.png 180w, https:\/\/www.wba-direkt.de\/wp-content\/uploads\/2017\/05\/wba_versicherungen-120x120.png 120w, https:\/\/www.wba-direkt.de\/wp-content\/uploads\/2017\/05\/wba_versicherungen-450x449.png 450w\" sizes=\"(max-width: 500px) 100vw, 500px\" \/><\/p>\n<\/div><\/section>\n","protected":false},"excerpt":{"rendered":"","protected":false},"author":1,"featured_media":0,"parent":0,"menu_order":0,"comment_status":"closed","ping_status":"closed","template":"","meta":{"footnotes":""},"_links":{"self":[{"href":"https:\/\/www.wba-direkt.de\/index.php?rest_route=\/wp\/v2\/pages\/15"}],"collection":[{"href":"https:\/\/www.wba-direkt.de\/index.php?rest_route=\/wp\/v2\/pages"}],"about":[{"href":"https:\/\/www.wba-direkt.de\/index.php?rest_route=\/wp\/v2\/types\/page"}],"author":[{"embeddable":true,"href":"https:\/\/www.wba-direkt.de\/index.php?rest_route=\/wp\/v2\/users\/1"}],"replies":[{"embeddable":true,"href":"https:\/\/www.wba-direkt.de\/index.php?rest_route=%2Fwp%2Fv2%2Fcomments&post=15"}],"version-history":[{"count":30,"href":"https:\/\/www.wba-direkt.de\/index.php?rest_route=\/wp\/v2\/pages\/15\/revisions"}],"predecessor-version":[{"id":1254,"href":"https:\/\/www.wba-direkt.de\/index.php?rest_route=\/wp\/v2\/pages\/15\/revisions\/1254"}],"wp:attachment":[{"href":"https:\/\/www.wba-direkt.de\/index.php?rest_route=%2Fwp%2Fv2%2Fmedia&parent=15"}],"curies":[{"name":"wp","href":"https:\/\/api.w.org\/{rel}","templated":true}]}}